{"id":440,"date":"2016-07-11T18:48:26","date_gmt":"2016-07-11T18:48:26","guid":{"rendered":"https:\/\/wellnessjob.cet10.com\/es\/avis-legal\/"},"modified":"2025-09-12T11:05:04","modified_gmt":"2025-09-12T11:05:04","slug":"aviso-legal","status":"publish","type":"page","link":"https:\/\/wellnessjob.cet10.com\/es\/aviso-legal\/","title":{"rendered":"Aviso legal"},"content":{"rendered":"<div class=\"wpb-content-wrapper\"><p>[vc_row][vc_column][vc_custom_heading text=\u00bbAviso legal\u00bb font_container=\u00bbtag:h1|text_align:left\u00bb use_theme_fonts=\u00bbyes\u00bb css=\u00bb\u00bb][vc_column_text css=\u00bb\u00bb]SPORTS &amp; LEISURE MANAGEMENT, S.L., con domicilio en RAMBLA GUIP\u00daSCOA 23-25 BAIXOS, Barcelona, 08018, ESPA\u00d1A, tel\u00e9fono 930 000 759, provisto de C.I.F. B-66785130 inscrita en el Registre Mercantil de Barcelona, \u200b\u200bvolumen 45500, folio 125, hoja n\u00famero 489922, inscripci\u00f3n 1\u00aa (en adelante \u00abCET10\u00bb).<\/p>\n<p>El presente aviso legal regula el acceso y el uso del servicio del sitio web (ahora adelante, el \u00abSitio web\u00bb) que CET10 pone a disposici\u00f3n de los usuarios de Internet interesados en sus servicios y contenidos relacionados con\u00a0los servicios\u00a0e instalaciones deportivas (ahora adelante, los \u00abUsuarios\u00bb).<\/p>\n<p>Este sitio web cumple con lo establecido en la Ley 34\/2002, de 11 de julio, de Servicios de la Sociedad de la Informaci\u00f3n y de Comercio Electr\u00f3nico y por el Reglamento (UE) 2016\/679, del Parlamento Europeo y del Consejo de 27 de abril de 2016. Para m\u00e1s informaci\u00f3n, visite nuestra <a href=\"https:\/\/wellnessjob.cet10.com\/es\/politica-privacidad\/\"><u>Pol\u00edtica de Privacidad<\/u>.<\/a><\/p>\n<p>CET10 podr\u00e1 alterar en cualquier momento y sin aviso previo, el dise\u00f1o, presentaci\u00f3n y\/o configuraci\u00f3n del Sitio web, as\u00ed como algunos o todos los servicios, y a\u00f1adir servicios nuevos.<\/p>\n<p>La utilizaci\u00f3n de este Sitio web implica la plena aceptaci\u00f3n de las disposiciones incluidas en este Aviso en la versi\u00f3n publicada por CET10 en el momento en que el Usuario acceda al Sitio web. As\u00ed mismo CET10 pone en conocimiento de los Usuarios de este Sitio web que estas Condiciones Generales de Uso pueden ser modificadas sin notificaci\u00f3n previa. En consecuencia el Usuario tiene que leer atentamente el presente Aviso Legal en cada una de las ocasiones en que se proceda a utilizar el Sitio web, puesto que aquel puede sufrir modificaciones.<\/p>\n<p>La utilizaci\u00f3n de ciertos servicios ofrecidos a los Usuarios a trav\u00e9s del Sitio web pueden encontrarse sometidas a condiciones particulares propias que, seg\u00fan los casos sustituyen, completan y\/o modifican las presentes Condiciones Generales de Uso. Por lo tanto, con anterioridad a la utilizaci\u00f3n de estos servicios, el Usuario tambi\u00e9n tiene que leer atentamente y aceptar as\u00ed mismo las correspondientes condiciones particulares propias.<\/p>\n<p>&nbsp;<\/p>\n<p><strong><span style=\"font-family: Arial, Helvetica, sans-serif;\">CONDICIONES DE ACCESO Y USO DEL SITIO WEB<\/span><\/strong><\/p>\n<p>El usuario se compromete a hacer un uso diligente del mismo y de los servicios accesibles desde este sitio web, con total sujeci\u00f3n a la ley, a buenas costumbres y las presentes condiciones generales y, en su caso, condiciones particulares, as\u00ed como a mantener el debido respeto versus a los dem\u00e1s usuarios. Queda expresamente prohibido cualquier uso diferente a la finalidad de este sitio web.<\/p>\n<p>En este sentido, el usuario renunciar\u00e1 a utilizar cualquier de los materiales e informaci\u00f3n contenidos en este sitio web con fines il\u00edcitos y expresamente prohibidos en las presentes condiciones generales de uso as\u00ed como a las condiciones particulares que, en su caso, se habiliten que resulten contrarias a los derechos e intereses de CET10, sus miembros y\/o terceros, y tendr\u00e1 que responder en frente a los mismos en caso de contravenir o incumplir dichas obligaciones y\/o que, de cualquier manera (incluida la introducci\u00f3n o difusi\u00f3n de \u201cvirus inform\u00e1ticos\u201d), malogre, inutilice, sobrecargue, deteriore o impida la normal utilizaci\u00f3n de los materiales e informaciones contenidas en el sitio web, los sistemas de informaci\u00f3n o los documentos, archivos y toda clase de contenidos almacenados en cualquier equipo inform\u00e1tico (hacking) de CET10, de sus miembros o de cualquier Usuario del sitio web. A todos los efectos la prestaci\u00f3n de los servicios no exige la previa suscripci\u00f3n o registro de los usuarios. No obstante, CET10 condiciona el uso de algunos de los servicios a la previa complementaci\u00f3n del correspondiente registro de usuario, seleccionando el identificador (ID o login) y la contrase\u00f1a que el Usuario se comprometa a conservar y a utilizar con la diligencia debida.<\/p>\n<p>Toda la informaci\u00f3n que facilite el usuario mediante los servicios tendr\u00e1 que ser ver\u00eddica. A estos efectos, el usuario garantiza la autenticidad de todos aquellos datos que comunique como consecuencia de la complementaci\u00f3n de los formularios necesarios para la suscripci\u00f3n de los Servicios. De igual manera, ser\u00e1 responsabilidad del usuario mantener toda la informaci\u00f3n facilitada a CET10 permanentemente actualizada de forma que responda, en cada momento a la situaci\u00f3n real del usuario. En todo caso el usuario ser\u00e1 el \u00fanico responsable de las manifestaciones falsas o inexactas que realice y de los perjuicios que cause a CET10 o a terceros por la informaci\u00f3n que facilite. En conformidad con la pol\u00edtica anti-spamming de CET10 el usuario se obliga a abstenerse de utilizar datos a partir de listas de distribuci\u00f3n a las que se pueda acceder mediante las informaciones y servicios contenidos en el sitio web para la realizaci\u00f3n de actividades con hasta promocionales o publicitarios as\u00ed como de remitir comunicaciones comerciales de cualquier clase y a trav\u00e9s de cualquier apoyo no solicitados ni previamente consentidos por CET10 y\/o los interesados. El usuario que incumpla intencional o culpablemente cualquiera de las precedentes obligaciones responder\u00e1 de todos los da\u00f1os y perjuicios que cause.<\/p>\n<p>&nbsp;<\/p>\n<p><span style=\"font-family: Arial, Helvetica, sans-serif;\"><strong>EXCLUSI\u00d3N DE GARANT\u00cdAS Y RESPONSABILIDAD<\/strong><\/span><\/p>\n<p>Con excepci\u00f3n a aquellos casos expresamente descritos en las Condiciones generales de uso y el resto del marco normativo, del sitio web, CET10 no se responsabiliza por los da\u00f1os y perjuicios de toda naturaleza que se puedan deber de a la falta de exactitud, exhaustividad, actualidad, as\u00ed como errores u omisiones de los que pudieran tener las informaciones y servicios contenidos en este sitio web u otros contenidos a los que se pueda acceder mediante el mismo ni asume ning\u00fan deber de o compromiso de verificar ni de vigilar sus contenidos e informaciones. As\u00ed mismo, CET10 no garantiza la disponibilidad, continuidad ni la infalibilidad del funcionamiento del Sitio web, y en consecuencia excluye, en la m\u00e1xima medida permitida por la legislaci\u00f3n vigente, cualquier responsabilidad por da\u00f1os y perjuicios de toda natura que puedan deberse a la falta de disponibilidad o de continuidad del funcionamiento del sitio web y de los servicios habilitados en el mismo, as\u00ed como a los errores en el acceso en las diferentes p\u00e1ginas web o aquellas desde las que, en su caso, se presten dichos servicios. CET10 excluye cualquier responsabilidad por los da\u00f1os y perjuicios de toda \u00edndole que se pudieran deber a los servicios prestados por terceros mediante el sitio web as\u00ed como a los medios que estos habilitan para gestionar las solicitudes de servicio y, concretamente, a modo enunciativo y no limitativo: por los actos de competencia desleal y publicidad il\u00edcita como consecuencia de la prestaci\u00f3n de servicios por terceros a trav\u00e9s del sitio web, as\u00ed como a la falta de veracidad, exactitud, exhaustividad, vicios, defectos, pertenencia y\/o actualidad de los contenidos transmitidos, difundidos, almacenados, recibidos, obtenidos, puestos a disposici\u00f3n o accesibles mediante los servicios prestados por terceros a trav\u00e9s de este sitio web.<\/p>\n<p>&nbsp;<\/p>\n<p><span style=\"font-family: Arial, Helvetica, sans-serif;\"><strong>LEGISLACI\u00d3N APLICABLE<\/strong><\/span><\/p>\n<p>Las condiciones generales de uso y el resto de condiciones legales del sitio web se rigen en todos y cada uno de sus extremos por la ley espa\u00f1ola.[\/vc_column_text][\/vc_column][\/vc_row]<\/p>\n<\/div>","protected":false},"excerpt":{"rendered":"<p>[vc_row][vc_column][vc_custom_heading text=\u00bbAviso legal\u00bb font_container=\u00bbtag:h1|text_align:left\u00bb use_theme_fonts=\u00bbyes\u00bb css=\u00bb\u00bb][vc_column_text css=\u00bb\u00bb]SPORTS &amp; LEISURE MANAGEMENT, S.L., con domicilio en RAMBLA GUIP\u00daSCOA 23-25 BAIXOS, Barcelona, 08018, ESPA\u00d1A, tel\u00e9fono 930 000 759, provisto de C.I.F. B-66785130 inscrita en el Registre Mercantil de Barcelona, \u200b\u200bvolumen 45500, folio 125, hoja n\u00famero 489922, inscripci\u00f3n 1\u00aa (en adelante \u00abCET10\u00bb). El presente aviso legal regula el acceso&hellip;<\/p>\n","protected":false},"author":4,"featured_media":0,"parent":0,"menu_order":0,"comment_status":"closed","ping_status":"closed","template":"","meta":{"footnotes":""},"class_list":["post-440","page","type-page","status-publish","hentry","description-off"],"yoast_head":"<!-- This site is optimized with the Yoast SEO plugin v26.8 - https:\/\/yoast.com\/product\/yoast-seo-wordpress\/ -->\n<title>Aviso legal - Wellnessjob - Gimnasos corporatius<\/title>\n<meta name=\"description\" content=\"El presente aviso legal regula el acceso y el uso del servicio del sitio web (ahora adelante, el &quot;Sitio web&quot;) que CET10 pone...\" \/>\n<meta name=\"robots\" content=\"noindex, nofollow\" \/>\n<meta property=\"og:locale\" content=\"es_ES\" \/>\n<meta property=\"og:type\" content=\"article\" \/>\n<meta property=\"og:title\" content=\"Aviso legal - Wellnessjob - Gimnasos corporatius\" \/>\n<meta property=\"og:description\" content=\"El presente aviso legal regula el acceso y el uso del servicio del sitio web (ahora adelante, el &quot;Sitio web&quot;) que CET10 pone...\" \/>\n<meta property=\"og:url\" content=\"https:\/\/wellnessjob.cet10.com\/es\/aviso-legal\/\" \/>\n<meta property=\"og:site_name\" content=\"Wellnessjob - Gimnasos corporatius\" \/>\n<meta property=\"article:modified_time\" content=\"2025-09-12T11:05:04+00:00\" \/>\n<meta name=\"twitter:card\" content=\"summary_large_image\" \/>\n<meta name=\"twitter:label1\" content=\"Tiempo de lectura\" \/>\n\t<meta name=\"twitter:data1\" content=\"5 minutos\" \/>\n<script type=\"application\/ld+json\" class=\"yoast-schema-graph\">{\"@context\":\"https:\/\/schema.org\",\"@graph\":[{\"@type\":\"WebPage\",\"@id\":\"https:\/\/wellnessjob.cet10.com\/es\/aviso-legal\/\",\"url\":\"https:\/\/wellnessjob.cet10.com\/es\/aviso-legal\/\",\"name\":\"Aviso legal - Wellnessjob - Gimnasos corporatius\",\"isPartOf\":{\"@id\":\"https:\/\/wellnessjob.cet10.com\/es\/#website\"},\"datePublished\":\"2016-07-11T18:48:26+00:00\",\"dateModified\":\"2025-09-12T11:05:04+00:00\",\"description\":\"El presente aviso legal regula el acceso y el uso del servicio del sitio web (ahora adelante, el \\\"Sitio web\\\") que CET10 pone...\",\"breadcrumb\":{\"@id\":\"https:\/\/wellnessjob.cet10.com\/es\/aviso-legal\/#breadcrumb\"},\"inLanguage\":\"es\",\"potentialAction\":[{\"@type\":\"ReadAction\",\"target\":[\"https:\/\/wellnessjob.cet10.com\/es\/aviso-legal\/\"]}]},{\"@type\":\"BreadcrumbList\",\"@id\":\"https:\/\/wellnessjob.cet10.com\/es\/aviso-legal\/#breadcrumb\",\"itemListElement\":[{\"@type\":\"ListItem\",\"position\":1,\"name\":\"Portada\",\"item\":\"https:\/\/wellnessjob.cet10.com\/es\/\"},{\"@type\":\"ListItem\",\"position\":2,\"name\":\"Aviso legal\"}]},{\"@type\":\"WebSite\",\"@id\":\"https:\/\/wellnessjob.cet10.com\/es\/#website\",\"url\":\"https:\/\/wellnessjob.cet10.com\/es\/\",\"name\":\"Wellnessjob - Gimnasos corporatius\",\"description\":\"Benvingut a CET10 Wellnessjob  - Gimnasos corporatius\",\"publisher\":{\"@id\":\"https:\/\/wellnessjob.cet10.com\/es\/#organization\"},\"potentialAction\":[{\"@type\":\"SearchAction\",\"target\":{\"@type\":\"EntryPoint\",\"urlTemplate\":\"https:\/\/wellnessjob.cet10.com\/es\/?s={search_term_string}\"},\"query-input\":{\"@type\":\"PropertyValueSpecification\",\"valueRequired\":true,\"valueName\":\"search_term_string\"}}],\"inLanguage\":\"es\"},{\"@type\":\"Organization\",\"@id\":\"https:\/\/wellnessjob.cet10.com\/es\/#organization\",\"name\":\"CET10\",\"url\":\"https:\/\/wellnessjob.cet10.com\/es\/\",\"logo\":{\"@type\":\"ImageObject\",\"inLanguage\":\"es\",\"@id\":\"https:\/\/wellnessjob.cet10.com\/es\/#\/schema\/logo\/image\/\",\"url\":\"https:\/\/wellnessjob.cet10.com\/wp-content\/uploads\/sites\/21\/2025\/12\/logo-wellnessjob-horitzontal-online-web-svg.svg\",\"contentUrl\":\"https:\/\/wellnessjob.cet10.com\/wp-content\/uploads\/sites\/21\/2025\/12\/logo-wellnessjob-horitzontal-online-web-svg.svg\",\"width\":265,\"height\":76,\"caption\":\"CET10\"},\"image\":{\"@id\":\"https:\/\/wellnessjob.cet10.com\/es\/#\/schema\/logo\/image\/\"}}]}<\/script>\n<!-- \/ Yoast SEO plugin. -->","yoast_head_json":{"title":"Aviso legal - Wellnessjob - Gimnasos corporatius","description":"El presente aviso legal regula el acceso y el uso del servicio del sitio web (ahora adelante, el \"Sitio web\") que CET10 pone...","robots":{"index":"noindex","follow":"nofollow"},"og_locale":"es_ES","og_type":"article","og_title":"Aviso legal - Wellnessjob - Gimnasos corporatius","og_description":"El presente aviso legal regula el acceso y el uso del servicio del sitio web (ahora adelante, el \"Sitio web\") que CET10 pone...","og_url":"https:\/\/wellnessjob.cet10.com\/es\/aviso-legal\/","og_site_name":"Wellnessjob - Gimnasos corporatius","article_modified_time":"2025-09-12T11:05:04+00:00","twitter_card":"summary_large_image","twitter_misc":{"Tiempo de lectura":"5 minutos"},"schema":{"@context":"https:\/\/schema.org","@graph":[{"@type":"WebPage","@id":"https:\/\/wellnessjob.cet10.com\/es\/aviso-legal\/","url":"https:\/\/wellnessjob.cet10.com\/es\/aviso-legal\/","name":"Aviso legal - Wellnessjob - Gimnasos corporatius","isPartOf":{"@id":"https:\/\/wellnessjob.cet10.com\/es\/#website"},"datePublished":"2016-07-11T18:48:26+00:00","dateModified":"2025-09-12T11:05:04+00:00","description":"El presente aviso legal regula el acceso y el uso del servicio del sitio web (ahora adelante, el \"Sitio web\") que CET10 pone...","breadcrumb":{"@id":"https:\/\/wellnessjob.cet10.com\/es\/aviso-legal\/#breadcrumb"},"inLanguage":"es","potentialAction":[{"@type":"ReadAction","target":["https:\/\/wellnessjob.cet10.com\/es\/aviso-legal\/"]}]},{"@type":"BreadcrumbList","@id":"https:\/\/wellnessjob.cet10.com\/es\/aviso-legal\/#breadcrumb","itemListElement":[{"@type":"ListItem","position":1,"name":"Portada","item":"https:\/\/wellnessjob.cet10.com\/es\/"},{"@type":"ListItem","position":2,"name":"Aviso legal"}]},{"@type":"WebSite","@id":"https:\/\/wellnessjob.cet10.com\/es\/#website","url":"https:\/\/wellnessjob.cet10.com\/es\/","name":"Wellnessjob - Gimnasos corporatius","description":"Benvingut a CET10 Wellnessjob  - Gimnasos corporatius","publisher":{"@id":"https:\/\/wellnessjob.cet10.com\/es\/#organization"},"potentialAction":[{"@type":"SearchAction","target":{"@type":"EntryPoint","urlTemplate":"https:\/\/wellnessjob.cet10.com\/es\/?s={search_term_string}"},"query-input":{"@type":"PropertyValueSpecification","valueRequired":true,"valueName":"search_term_string"}}],"inLanguage":"es"},{"@type":"Organization","@id":"https:\/\/wellnessjob.cet10.com\/es\/#organization","name":"CET10","url":"https:\/\/wellnessjob.cet10.com\/es\/","logo":{"@type":"ImageObject","inLanguage":"es","@id":"https:\/\/wellnessjob.cet10.com\/es\/#\/schema\/logo\/image\/","url":"https:\/\/wellnessjob.cet10.com\/wp-content\/uploads\/sites\/21\/2025\/12\/logo-wellnessjob-horitzontal-online-web-svg.svg","contentUrl":"https:\/\/wellnessjob.cet10.com\/wp-content\/uploads\/sites\/21\/2025\/12\/logo-wellnessjob-horitzontal-online-web-svg.svg","width":265,"height":76,"caption":"CET10"},"image":{"@id":"https:\/\/wellnessjob.cet10.com\/es\/#\/schema\/logo\/image\/"}}]}},"_links":{"self":[{"href":"https:\/\/wellnessjob.cet10.com\/es\/wp-json\/wp\/v2\/pages\/440","targetHints":{"allow":["GET"]}}],"collection":[{"href":"https:\/\/wellnessjob.cet10.com\/es\/wp-json\/wp\/v2\/pages"}],"about":[{"href":"https:\/\/wellnessjob.cet10.com\/es\/wp-json\/wp\/v2\/types\/page"}],"author":[{"embeddable":true,"href":"https:\/\/wellnessjob.cet10.com\/es\/wp-json\/wp\/v2\/users\/4"}],"replies":[{"embeddable":true,"href":"https:\/\/wellnessjob.cet10.com\/es\/wp-json\/wp\/v2\/comments?post=440"}],"version-history":[{"count":0,"href":"https:\/\/wellnessjob.cet10.com\/es\/wp-json\/wp\/v2\/pages\/440\/revisions"}],"wp:attachment":[{"href":"https:\/\/wellnessjob.cet10.com\/es\/wp-json\/wp\/v2\/media?parent=440"}],"curies":[{"name":"wp","href":"https:\/\/api.w.org\/{rel}","templated":true}]}}